{"id":866,"date":"2017-12-06T19:35:56","date_gmt":"2017-12-06T18:35:56","guid":{"rendered":"http:\/\/www.vilaviktorija.eu\/brod-na-kupi\/"},"modified":"2017-12-30T16:49:25","modified_gmt":"2017-12-30T15:49:25","slug":"brod-na-kupi","status":"publish","type":"page","link":"http:\/\/www.vilaviktorija.eu\/en\/brod-na-kupi\/","title":{"rendered":"Brod na kupi"},"content":{"rendered":"\n  <div class=\"banner has-hover\" id=\"banner-1118269099\">\n          <div class=\"banner-inner fill\">\n        <div class=\"banner-bg fill\" >\n            <div class=\"bg fill bg-fill \"><\/div>\n                        <div class=\"overlay\"><\/div>            \n                    <\/div>\n\t\t\n        <div class=\"banner-layers container\">\n            <div class=\"fill banner-link\"><\/div>            \n   <div id=\"text-box-2040149549\" class=\"text-box banner-layer x50 md-x50 lg-x50 y50 md-y50 lg-y50 res-text\">\n                                <div class=\"text-box-content text dark\">\n              \n              <div class=\"text-inner text-center\">\n                  \n<h2 class=\"uppercase\"><strong>BROD NA KUPI<br \/>\n<\/strong><\/h2>\n<p>Gornji tok rijeke Kupe, koji dijelimo sa susjednim op\u0107inama Brod Moravice i \u010cabar, sjeverni je dio znan pod nazivom Kupska dolina. Najve\u0107e naselje uz gornji tok ove rijeke je Brod na Kupi. Kupska dolina je turisti\u010dki najrazvijeniji dio delni\u010dkog kraja, pa i Gorskog kotara u cijelosti&#8230;<\/p>\n              <\/div>\n           <\/div>\n                            \n<style>\n#text-box-2040149549 {\n  width: 88%;\n}\n#text-box-2040149549 .text-box-content {\n  font-size: 100%;\n}\n<\/style>\n    <\/div>\n \n        <\/div>\n      <\/div>\n\n            \n<style>\n#banner-1118269099 {\n  padding-top: 400px;\n}\n#banner-1118269099 .bg.bg-loaded {\n  background-image: url(http:\/\/www.vilaviktorija.eu\/wp-content\/uploads\/2017\/09\/Vila-Viktorija-Gorski-Kotar-6.jpg);\n}\n#banner-1118269099 .overlay {\n  background-color: rgba(0, 0, 0, 0.33);\n}\n#banner-1118269099 .bg {\n  background-position: 50% 60%;\n}\n#banner-1118269099 .ux-shape-divider--top svg {\n  height: 150px;\n  --divider-top-width: 100%;\n}\n#banner-1118269099 .ux-shape-divider--bottom svg {\n  height: 150px;\n  --divider-width: 100%;\n}\n<\/style>\n  <\/div>\n\n\n<div class=\"row\"  id=\"row-755365540\">\n\n\t<div id=\"col-1639512058\" class=\"col small-12 large-12\"  >\n\t\t\t\t<div class=\"col-inner\"  >\n\t\t\t\n\t\t\t\n<p><strong>Brod na Kupi<\/strong><\/p>\n<p>Gornji tok rijeke Kupe, koji dijelimo sa susjednim op\u0107inama Brod Moravice i \u010cabar, sjeverni je dio znan pod nazivom Kupska dolina. Najve\u0107e naselje uz gornji tok ove rijeke je Brod na Kupi. Kupska dolina je turisti\u010dki najrazvijeniji dio delni\u010dkog kraja, pa i Gorskog kotara u cijelosti. Ovdje se niska, duboko usje\u010dena dolina Kupe kao topli klin zabija u temperaturno hladni gorski kotar \u0161to pove\u0107ava mogu\u0107nost uzgoja starih sorta jabuka, te ostalih sorti vo\u0107a i povr\u0107a koje u ostalim dijelovima gorskog kotara rode kasnije ili uop\u0107e ne dozrijevaju. Kupa i njeni pritoci su pogodni za sportski ribolov, a za planinare i ljubitelje hodanja ve\u0107i dio doline ponu\u0111en je kroz goranski planinarski put.<\/p>\n<p>Hidromorfolo\u0161ki gledano, Kupska dolina je kanjon s malim kotlinskim pro\u0161irenjima u kojima su nastali slikoviti zaseoci jedan nedaleko drugoga. Brod na Kupi je brodska dolina u malom. Ona je kulturno historijsko naslije\u0111e koje posjeduje ovo naselje s jedva 176 stanovnika.<\/p>\n<p>U Brodu na Kupi mo\u017eete odabrati na\u010din na koji \u017eelite upoznati rijeku Kupu, rafting ili plovidbu kanuima koja zavr\u0161ava na rekreacijskom piknik-prostoru nedaleko od sela \u010cedanj. Osim toga mo\u017eete u\u017eivati u prirodnoj hidromasa\u017ei malih brzaka Kupe na pla\u017ei lokaliteta Pritiske, nedaleko naselja Gustog Laza ili u\u017eivati u \u010darima sportskog ribolova i mu\u0161i\u010darenja.<\/p>\n<p>Posjetiteljima su dostupni i podaci o re\u017eimu lova na svakom od rije\u010dnih tokova toga podru\u010dja: Kupi, Kupici i Curku. U rijekama se od ribljih vrsta mogu loviti: obi\u010dna i poto\u010dna pastrva, lipljan, klen, mrena i druge.<\/p>\n<p>Od kulturnih znamenitosti Brod na kupi mo\u017ee se podi\u010diti dvorcem obitelji Zrinski iz XVII. stolje\u0107a koji se nalazi u samom sredi\u0161tu mjesta. Od nekada\u0161nje slave i plemi\u0107kih simbola ostao je samo buzdovan, postavljen visoko na vrhu kule dvorca. Taj dvorac i utvrda s te\u0161ko okovanim vratima, pu\u0161karnicom i tunelom iskopanim u podzemlju trebao je poslu\u017eiti za obranu i spas u velikoj nevolji. S obzirom na dvojaku ulogu na njemu nema graditeljske rasko\u0161i. Sve odi\u0161e jednostavno\u0161\u0107u, masivno\u0161\u0107u i \u010dvrsto\u0107om. Stara vrata jo\u0161 su okovana kra\u010dunima i \u010dvrstom bravom, a izlizane kamene plo\u010de prizemlja govore o prohujalim vremenima. Iza utvrde smje\u0161tena je crkva Svete Marije Magdalene koju je 1670. godine dao izraditi hrvatski plemi\u0107 Petar Zrinski. Crkva je nekad zajedno sa dvorvem bila opasana obrambenim zidom, i sa dvorcem je nekada \u010dinila cjelinu. Mnogim obnovama crkvi je promijenjen izgled.<\/p>\n<p>U selu Homer nedaleko od Broda na kupi nalazi se ribogojili\u0161te pastrve, gdje u svakom trenutku mo\u017eete dobiti svje\u017eu ribu.<\/p>\n<p>U dolini rijeke Kupe nalaze se najve\u0107e hidrografske i estetske vrijednosti ovog planinskog kraja.<\/p>\n<p>Vr\u0161ni dio Drgomlja posjeduje univerzalni prirodni kompleks najljep\u0161e i najrasprostranjenije goranske spilje\/pe\u0107ine \u2013 Hajdovu hi\u017ea. Spilja zbog te\u0161kog pristupa, nije osposobljena za turisti\u010dki posjet ve\u0107 je izazov za avanturiste uz kori\u0161tenje adekvatne opreme. U blizini spilje nalazi se vidikovac s kojeg se pru\u017ea neopisivo lijep pogled ka sjeveru i na \u010ditav bogomdani rezervat Kupe podno njega.<\/p>\n<p>Ovaj kraj nikako ne smijete napustiti, a da niste pro\u0161etali \u010cudesnom dolinom leptira. Naime Gornji tok rijeke Kupe je upravo \u010dudesna dolina leptira. Na tom podru\u010dju od dvadesetak kilometara istra\u017eivanjem je registrirano gotovo 500 vrsta leptira. Broj nije kona\u010dan, ali ve\u0107 pokazuje izvanredno bogatstvo pogotovo danjih leptira tako da na ovom malom prostoru nalazimo oko 60 % hrvatske faune leptira.<\/p>\n<p>Vi\u0161e informacija na : http:\/\/www.gorski-kotar.com.hr\/hr\/zeleno-srce\/gradovi\/brod-na-kupi\/<\/p>\n<p>\u00a0<\/p>\n\t\t<\/div>\n\t\t\t\t\t<\/div>\n\n\t\n<\/div>\n","protected":false},"excerpt":{"rendered":"","protected":false},"author":1,"featured_media":0,"parent":0,"menu_order":0,"comment_status":"closed","ping_status":"closed","template":"page-blank.php","meta":[],"yoast_head":"<!-- This site is optimized with the Yoast SEO plugin v20.2.1 - https:\/\/yoast.com\/wordpress\/plugins\/seo\/ -->\n<title>Brod na kupi - Vila Viktorija<\/title>\n<meta name=\"robots\" content=\"index, follow, max-snippet:-1, max-image-preview:large, max-video-preview:-1\" \/>\n<link rel=\"canonical\" href=\"http:\/\/www.vilaviktorija.eu\/en\/brod-na-kupi\/\" \/>\n<meta property=\"og:locale\" content=\"en_US\" \/>\n<meta property=\"og:type\" content=\"article\" \/>\n<meta property=\"og:title\" content=\"Brod na kupi - Vila Viktorija\" \/>\n<meta property=\"og:url\" content=\"http:\/\/www.vilaviktorija.eu\/en\/brod-na-kupi\/\" \/>\n<meta property=\"og:site_name\" content=\"Vila Viktorija\" \/>\n<meta property=\"article:modified_time\" content=\"2017-12-30T15:49:25+00:00\" \/>\n<meta name=\"twitter:card\" content=\"summary_large_image\" \/>\n<meta name=\"twitter:label1\" content=\"Est. reading time\" \/>\n\t<meta name=\"twitter:data1\" content=\"3 minutes\" \/>\n<script type=\"application\/ld+json\" class=\"yoast-schema-graph\">{\"@context\":\"https:\/\/schema.org\",\"@graph\":[{\"@type\":\"WebPage\",\"@id\":\"http:\/\/www.vilaviktorija.eu\/en\/brod-na-kupi\/\",\"url\":\"http:\/\/www.vilaviktorija.eu\/en\/brod-na-kupi\/\",\"name\":\"Brod na kupi - Vila Viktorija\",\"isPartOf\":{\"@id\":\"https:\/\/www.vilaviktorija.eu\/#website\"},\"datePublished\":\"2017-12-06T18:35:56+00:00\",\"dateModified\":\"2017-12-30T15:49:25+00:00\",\"breadcrumb\":{\"@id\":\"http:\/\/www.vilaviktorija.eu\/en\/brod-na-kupi\/#breadcrumb\"},\"inLanguage\":\"en-US\",\"potentialAction\":[{\"@type\":\"ReadAction\",\"target\":[\"http:\/\/www.vilaviktorija.eu\/en\/brod-na-kupi\/\"]}]},{\"@type\":\"BreadcrumbList\",\"@id\":\"http:\/\/www.vilaviktorija.eu\/en\/brod-na-kupi\/#breadcrumb\",\"itemListElement\":[{\"@type\":\"ListItem\",\"position\":1,\"name\":\"Home\",\"item\":\"https:\/\/www.vilaviktorija.eu\/en\/\"},{\"@type\":\"ListItem\",\"position\":2,\"name\":\"Brod na kupi\"}]},{\"@type\":\"WebSite\",\"@id\":\"https:\/\/www.vilaviktorija.eu\/#website\",\"url\":\"https:\/\/www.vilaviktorija.eu\/\",\"name\":\"Vila Viktorija\",\"description\":\"Vila Viktorija\",\"potentialAction\":[{\"@type\":\"SearchAction\",\"target\":{\"@type\":\"EntryPoint\",\"urlTemplate\":\"https:\/\/www.vilaviktorija.eu\/?s={search_term_string}\"},\"query-input\":\"required name=search_term_string\"}],\"inLanguage\":\"en-US\"}]}<\/script>\n<!-- \/ Yoast SEO plugin. -->","yoast_head_json":{"title":"Brod na kupi - Vila Viktorija","robots":{"index":"index","follow":"follow","max-snippet":"max-snippet:-1","max-image-preview":"max-image-preview:large","max-video-preview":"max-video-preview:-1"},"canonical":"http:\/\/www.vilaviktorija.eu\/en\/brod-na-kupi\/","og_locale":"en_US","og_type":"article","og_title":"Brod na kupi - Vila Viktorija","og_url":"http:\/\/www.vilaviktorija.eu\/en\/brod-na-kupi\/","og_site_name":"Vila Viktorija","article_modified_time":"2017-12-30T15:49:25+00:00","twitter_card":"summary_large_image","twitter_misc":{"Est. reading time":"3 minutes"},"schema":{"@context":"https:\/\/schema.org","@graph":[{"@type":"WebPage","@id":"http:\/\/www.vilaviktorija.eu\/en\/brod-na-kupi\/","url":"http:\/\/www.vilaviktorija.eu\/en\/brod-na-kupi\/","name":"Brod na kupi - Vila Viktorija","isPartOf":{"@id":"https:\/\/www.vilaviktorija.eu\/#website"},"datePublished":"2017-12-06T18:35:56+00:00","dateModified":"2017-12-30T15:49:25+00:00","breadcrumb":{"@id":"http:\/\/www.vilaviktorija.eu\/en\/brod-na-kupi\/#breadcrumb"},"inLanguage":"en-US","potentialAction":[{"@type":"ReadAction","target":["http:\/\/www.vilaviktorija.eu\/en\/brod-na-kupi\/"]}]},{"@type":"BreadcrumbList","@id":"http:\/\/www.vilaviktorija.eu\/en\/brod-na-kupi\/#breadcrumb","itemListElement":[{"@type":"ListItem","position":1,"name":"Home","item":"https:\/\/www.vilaviktorija.eu\/en\/"},{"@type":"ListItem","position":2,"name":"Brod na kupi"}]},{"@type":"WebSite","@id":"https:\/\/www.vilaviktorija.eu\/#website","url":"https:\/\/www.vilaviktorija.eu\/","name":"Vila Viktorija","description":"Vila Viktorija","potentialAction":[{"@type":"SearchAction","target":{"@type":"EntryPoint","urlTemplate":"https:\/\/www.vilaviktorija.eu\/?s={search_term_string}"},"query-input":"required name=search_term_string"}],"inLanguage":"en-US"}]}},"_links":{"self":[{"href":"http:\/\/www.vilaviktorija.eu\/en\/wp-json\/wp\/v2\/pages\/866"}],"collection":[{"href":"http:\/\/www.vilaviktorija.eu\/en\/wp-json\/wp\/v2\/pages"}],"about":[{"href":"http:\/\/www.vilaviktorija.eu\/en\/wp-json\/wp\/v2\/types\/page"}],"author":[{"embeddable":true,"href":"http:\/\/www.vilaviktorija.eu\/en\/wp-json\/wp\/v2\/users\/1"}],"replies":[{"embeddable":true,"href":"http:\/\/www.vilaviktorija.eu\/en\/wp-json\/wp\/v2\/comments?post=866"}],"version-history":[{"count":3,"href":"http:\/\/www.vilaviktorija.eu\/en\/wp-json\/wp\/v2\/pages\/866\/revisions"}],"predecessor-version":[{"id":1096,"href":"http:\/\/www.vilaviktorija.eu\/en\/wp-json\/wp\/v2\/pages\/866\/revisions\/1096"}],"wp:attachment":[{"href":"http:\/\/www.vilaviktorija.eu\/en\/wp-json\/wp\/v2\/media?parent=866"}],"curies":[{"name":"wp","href":"https:\/\/api.w.org\/{rel}","templated":true}]}}